{"id":10284,"date":"2018-10-19T17:17:11","date_gmt":"2018-10-19T15:17:11","guid":{"rendered":"https:\/\/bokashi.bladeinfo.it\/produit\/navulbare-sprayflacon-leeg-voor-wipe-and-clean-300ml"},"modified":"2024-08-08T00:31:07","modified_gmt":"2024-08-07T22:31:07","slug":"navulbare-lege-mist-voor-veeg-schoonmaak-300ml","status":"publish","type":"product","link":"https:\/\/bokashicompost.be\/nl\/product\/navulbare-lege-mist-voor-veeg-schoonmaak-300ml\/","title":{"rendered":"Navulbare sprayflacon (leeg) voor Wipe and Clean &#8211; 300ml"},"content":{"rendered":"","protected":false},"excerpt":{"rendered":"<p>&nbsp;<\/p>\n<p>Navulbare plastic trekkerspuit met een capaciteit van 300ml gebaseerd op het vacu\u00fcmcabine principe: de vloeistof komt niet in contact met de lucht, voor een betere houdbaarheid.<\/p>\n","protected":false},"featured_media":15029,"comment_status":"closed","ping_status":"closed","template":"","meta":{"_et_pb_use_builder":"","_et_pb_old_content":"","_et_gb_content_width":""},"product_brand":[],"product_cat":[298],"product_tag":[307,302,304,303],"class_list":{"0":"post-10284","1":"product","2":"type-product","3":"status-publish","4":"has-post-thumbnail","6":"product_cat-producten","7":"product_tag-em-nl","8":"product_tag-gezond-milieu","9":"product_tag-huis","10":"product_tag-zerowaste-nl","12":"first","13":"instock","14":"shipping-taxable","15":"purchasable","16":"product-type-simple"},"yoast_head":"<!-- This site is optimized with the Yoast SEO plugin v27.6 - https:\/\/yoast.com\/product\/yoast-seo-wordpress\/ -->\n<title>Navulbare sprayflacon (leeg) voor Wipe and Clean - 300ml - Bokashi Compost<\/title>\n<meta name=\"description\" content=\"Navulbare mechanische (gasvrije) spuitfles om te vullen met uw verdunde Wipe and Clean. Ideaal voor gebruik als toiletdeodorant, schoenendeodorant, enz.\" \/>\n<meta name=\"robots\" content=\"index, follow, max-snippet:-1, max-image-preview:large, max-video-preview:-1\" \/>\n<link rel=\"canonical\" href=\"https:\/\/bokashicompost.be\/nl\/product\/navulbare-lege-mist-voor-veeg-schoonmaak-300ml\/\" \/>\n<meta property=\"og:locale\" content=\"nl_NL\" \/>\n<meta property=\"og:type\" content=\"article\" \/>\n<meta property=\"og:title\" content=\"Navulbare sprayflacon (leeg) voor Wipe and Clean - 300ml - Bokashi Compost\" \/>\n<meta property=\"og:description\" content=\"Navulbare mechanische (gasvrije) spuitfles om te vullen met uw verdunde Wipe and Clean. Ideaal voor gebruik als toiletdeodorant, schoenendeodorant, enz.\" \/>\n<meta property=\"og:url\" content=\"https:\/\/bokashicompost.be\/nl\/product\/navulbare-lege-mist-voor-veeg-schoonmaak-300ml\/\" \/>\n<meta property=\"og:site_name\" content=\"Bokashi Compost\" \/>\n<meta property=\"article:publisher\" content=\"https:\/\/www.facebook.com\/bokashicompostbe\/\" \/>\n<meta property=\"article:modified_time\" content=\"2024-08-07T22:31:07+00:00\" \/>\n<meta property=\"og:image\" content=\"https:\/\/bokashicompost.be\/wp-content\/uploads\/2018\/10\/EM-Clean-brumisateur-300ml-vide.png\" \/>\n\t<meta property=\"og:image:width\" content=\"900\" \/>\n\t<meta property=\"og:image:height\" content=\"900\" \/>\n\t<meta property=\"og:image:type\" content=\"image\/png\" \/>\n<meta name=\"twitter:card\" content=\"summary_large_image\" \/>\n<script type=\"application\/ld+json\" class=\"yoast-schema-graph\">{\"@context\":\"https:\\\/\\\/schema.org\",\"@graph\":[{\"@type\":\"WebPage\",\"@id\":\"https:\\\/\\\/bokashicompost.be\\\/nl\\\/product\\\/navulbare-lege-mist-voor-veeg-schoonmaak-300ml\\\/\",\"url\":\"https:\\\/\\\/bokashicompost.be\\\/nl\\\/product\\\/navulbare-lege-mist-voor-veeg-schoonmaak-300ml\\\/\",\"name\":\"Navulbare sprayflacon (leeg) voor Wipe and Clean - 300ml - Bokashi Compost\",\"isPartOf\":{\"@id\":\"https:\\\/\\\/bokashicompost.be\\\/nl\\\/#website\"},\"primaryImageOfPage\":{\"@id\":\"https:\\\/\\\/bokashicompost.be\\\/nl\\\/product\\\/navulbare-lege-mist-voor-veeg-schoonmaak-300ml\\\/#primaryimage\"},\"image\":{\"@id\":\"https:\\\/\\\/bokashicompost.be\\\/nl\\\/product\\\/navulbare-lege-mist-voor-veeg-schoonmaak-300ml\\\/#primaryimage\"},\"thumbnailUrl\":\"https:\\\/\\\/bokashicompost.be\\\/wp-content\\\/uploads\\\/2018\\\/10\\\/EM-Clean-brumisateur-300ml-vide.png\",\"datePublished\":\"2018-10-19T15:17:11+00:00\",\"dateModified\":\"2024-08-07T22:31:07+00:00\",\"description\":\"Navulbare mechanische (gasvrije) spuitfles om te vullen met uw verdunde Wipe and Clean. Ideaal voor gebruik als toiletdeodorant, schoenendeodorant, enz.\",\"breadcrumb\":{\"@id\":\"https:\\\/\\\/bokashicompost.be\\\/nl\\\/product\\\/navulbare-lege-mist-voor-veeg-schoonmaak-300ml\\\/#breadcrumb\"},\"inLanguage\":\"nl-NL\",\"potentialAction\":[{\"@type\":\"ReadAction\",\"target\":[\"https:\\\/\\\/bokashicompost.be\\\/nl\\\/product\\\/navulbare-lege-mist-voor-veeg-schoonmaak-300ml\\\/\"]}]},{\"@type\":\"ImageObject\",\"inLanguage\":\"nl-NL\",\"@id\":\"https:\\\/\\\/bokashicompost.be\\\/nl\\\/product\\\/navulbare-lege-mist-voor-veeg-schoonmaak-300ml\\\/#primaryimage\",\"url\":\"https:\\\/\\\/bokashicompost.be\\\/wp-content\\\/uploads\\\/2018\\\/10\\\/EM-Clean-brumisateur-300ml-vide.png\",\"contentUrl\":\"https:\\\/\\\/bokashicompost.be\\\/wp-content\\\/uploads\\\/2018\\\/10\\\/EM-Clean-brumisateur-300ml-vide.png\",\"width\":900,\"height\":900,\"caption\":\"Brumisateur vide r\u00e9utilisable \u00e0 recharger avec du EM Clean dilu\u00e9\"},{\"@type\":\"BreadcrumbList\",\"@id\":\"https:\\\/\\\/bokashicompost.be\\\/nl\\\/product\\\/navulbare-lege-mist-voor-veeg-schoonmaak-300ml\\\/#breadcrumb\",\"itemListElement\":[{\"@type\":\"ListItem\",\"position\":1,\"name\":\"Home\",\"item\":\"https:\\\/\\\/bokashicompost.be\\\/nl\\\/\"},{\"@type\":\"ListItem\",\"position\":2,\"name\":\"Shop\",\"item\":\"https:\\\/\\\/bokashicompost.be\\\/nl\\\/shop-nl\\\/\"},{\"@type\":\"ListItem\",\"position\":3,\"name\":\"Navulbare sprayflacon (leeg) voor Wipe and Clean &#8211; 300ml\"}]},{\"@type\":\"WebSite\",\"@id\":\"https:\\\/\\\/bokashicompost.be\\\/nl\\\/#website\",\"url\":\"https:\\\/\\\/bokashicompost.be\\\/nl\\\/\",\"name\":\"Bokashi Compost\",\"description\":\"from food to soil to food\",\"publisher\":{\"@id\":\"https:\\\/\\\/bokashicompost.be\\\/nl\\\/#organization\"},\"potentialAction\":[{\"@type\":\"SearchAction\",\"target\":{\"@type\":\"EntryPoint\",\"urlTemplate\":\"https:\\\/\\\/bokashicompost.be\\\/nl\\\/?s={search_term_string}\"},\"query-input\":{\"@type\":\"PropertyValueSpecification\",\"valueRequired\":true,\"valueName\":\"search_term_string\"}}],\"inLanguage\":\"nl-NL\"},{\"@type\":\"Organization\",\"@id\":\"https:\\\/\\\/bokashicompost.be\\\/nl\\\/#organization\",\"name\":\"BokashiCompost\",\"url\":\"https:\\\/\\\/bokashicompost.be\\\/nl\\\/\",\"logo\":{\"@type\":\"ImageObject\",\"inLanguage\":\"nl-NL\",\"@id\":\"https:\\\/\\\/bokashicompost.be\\\/nl\\\/#\\\/schema\\\/logo\\\/image\\\/\",\"url\":\"https:\\\/\\\/bokashicompost.be\\\/wp-content\\\/uploads\\\/2019\\\/04\\\/image.jpg\",\"contentUrl\":\"https:\\\/\\\/bokashicompost.be\\\/wp-content\\\/uploads\\\/2019\\\/04\\\/image.jpg\",\"width\":960,\"height\":960,\"caption\":\"BokashiCompost\"},\"image\":{\"@id\":\"https:\\\/\\\/bokashicompost.be\\\/nl\\\/#\\\/schema\\\/logo\\\/image\\\/\"},\"sameAs\":[\"https:\\\/\\\/www.facebook.com\\\/bokashicompostbe\\\/\",\"https:\\\/\\\/www.instagram.com\\\/bokashicompost\\\/\",\"https:\\\/\\\/www.linkedin.com\\\/company\\\/13994117\",\"https:\\\/\\\/www.youtube.com\\\/channel\\\/UC-X67YxW1qNoFtkvU2yO43A\"]}]}<\/script>\n<!-- \/ Yoast SEO plugin. -->","yoast_head_json":{"title":"Navulbare sprayflacon (leeg) voor Wipe and Clean - 300ml - Bokashi Compost","description":"Navulbare mechanische (gasvrije) spuitfles om te vullen met uw verdunde Wipe and Clean. Ideaal voor gebruik als toiletdeodorant, schoenendeodorant, enz.","robots":{"index":"index","follow":"follow","max-snippet":"max-snippet:-1","max-image-preview":"max-image-preview:large","max-video-preview":"max-video-preview:-1"},"canonical":"https:\/\/bokashicompost.be\/nl\/product\/navulbare-lege-mist-voor-veeg-schoonmaak-300ml\/","og_locale":"nl_NL","og_type":"article","og_title":"Navulbare sprayflacon (leeg) voor Wipe and Clean - 300ml - Bokashi Compost","og_description":"Navulbare mechanische (gasvrije) spuitfles om te vullen met uw verdunde Wipe and Clean. Ideaal voor gebruik als toiletdeodorant, schoenendeodorant, enz.","og_url":"https:\/\/bokashicompost.be\/nl\/product\/navulbare-lege-mist-voor-veeg-schoonmaak-300ml\/","og_site_name":"Bokashi Compost","article_publisher":"https:\/\/www.facebook.com\/bokashicompostbe\/","article_modified_time":"2024-08-07T22:31:07+00:00","og_image":[{"width":900,"height":900,"url":"https:\/\/bokashicompost.be\/wp-content\/uploads\/2018\/10\/EM-Clean-brumisateur-300ml-vide.png","type":"image\/png"}],"twitter_card":"summary_large_image","schema":{"@context":"https:\/\/schema.org","@graph":[{"@type":"WebPage","@id":"https:\/\/bokashicompost.be\/nl\/product\/navulbare-lege-mist-voor-veeg-schoonmaak-300ml\/","url":"https:\/\/bokashicompost.be\/nl\/product\/navulbare-lege-mist-voor-veeg-schoonmaak-300ml\/","name":"Navulbare sprayflacon (leeg) voor Wipe and Clean - 300ml - Bokashi Compost","isPartOf":{"@id":"https:\/\/bokashicompost.be\/nl\/#website"},"primaryImageOfPage":{"@id":"https:\/\/bokashicompost.be\/nl\/product\/navulbare-lege-mist-voor-veeg-schoonmaak-300ml\/#primaryimage"},"image":{"@id":"https:\/\/bokashicompost.be\/nl\/product\/navulbare-lege-mist-voor-veeg-schoonmaak-300ml\/#primaryimage"},"thumbnailUrl":"https:\/\/bokashicompost.be\/wp-content\/uploads\/2018\/10\/EM-Clean-brumisateur-300ml-vide.png","datePublished":"2018-10-19T15:17:11+00:00","dateModified":"2024-08-07T22:31:07+00:00","description":"Navulbare mechanische (gasvrije) spuitfles om te vullen met uw verdunde Wipe and Clean. Ideaal voor gebruik als toiletdeodorant, schoenendeodorant, enz.","breadcrumb":{"@id":"https:\/\/bokashicompost.be\/nl\/product\/navulbare-lege-mist-voor-veeg-schoonmaak-300ml\/#breadcrumb"},"inLanguage":"nl-NL","potentialAction":[{"@type":"ReadAction","target":["https:\/\/bokashicompost.be\/nl\/product\/navulbare-lege-mist-voor-veeg-schoonmaak-300ml\/"]}]},{"@type":"ImageObject","inLanguage":"nl-NL","@id":"https:\/\/bokashicompost.be\/nl\/product\/navulbare-lege-mist-voor-veeg-schoonmaak-300ml\/#primaryimage","url":"https:\/\/bokashicompost.be\/wp-content\/uploads\/2018\/10\/EM-Clean-brumisateur-300ml-vide.png","contentUrl":"https:\/\/bokashicompost.be\/wp-content\/uploads\/2018\/10\/EM-Clean-brumisateur-300ml-vide.png","width":900,"height":900,"caption":"Brumisateur vide r\u00e9utilisable \u00e0 recharger avec du EM Clean dilu\u00e9"},{"@type":"BreadcrumbList","@id":"https:\/\/bokashicompost.be\/nl\/product\/navulbare-lege-mist-voor-veeg-schoonmaak-300ml\/#breadcrumb","itemListElement":[{"@type":"ListItem","position":1,"name":"Home","item":"https:\/\/bokashicompost.be\/nl\/"},{"@type":"ListItem","position":2,"name":"Shop","item":"https:\/\/bokashicompost.be\/nl\/shop-nl\/"},{"@type":"ListItem","position":3,"name":"Navulbare sprayflacon (leeg) voor Wipe and Clean &#8211; 300ml"}]},{"@type":"WebSite","@id":"https:\/\/bokashicompost.be\/nl\/#website","url":"https:\/\/bokashicompost.be\/nl\/","name":"Bokashi Compost","description":"from food to soil to food","publisher":{"@id":"https:\/\/bokashicompost.be\/nl\/#organization"},"potentialAction":[{"@type":"SearchAction","target":{"@type":"EntryPoint","urlTemplate":"https:\/\/bokashicompost.be\/nl\/?s={search_term_string}"},"query-input":{"@type":"PropertyValueSpecification","valueRequired":true,"valueName":"search_term_string"}}],"inLanguage":"nl-NL"},{"@type":"Organization","@id":"https:\/\/bokashicompost.be\/nl\/#organization","name":"BokashiCompost","url":"https:\/\/bokashicompost.be\/nl\/","logo":{"@type":"ImageObject","inLanguage":"nl-NL","@id":"https:\/\/bokashicompost.be\/nl\/#\/schema\/logo\/image\/","url":"https:\/\/bokashicompost.be\/wp-content\/uploads\/2019\/04\/image.jpg","contentUrl":"https:\/\/bokashicompost.be\/wp-content\/uploads\/2019\/04\/image.jpg","width":960,"height":960,"caption":"BokashiCompost"},"image":{"@id":"https:\/\/bokashicompost.be\/nl\/#\/schema\/logo\/image\/"},"sameAs":["https:\/\/www.facebook.com\/bokashicompostbe\/","https:\/\/www.instagram.com\/bokashicompost\/","https:\/\/www.linkedin.com\/company\/13994117","https:\/\/www.youtube.com\/channel\/UC-X67YxW1qNoFtkvU2yO43A"]}]}},"_links":{"self":[{"href":"https:\/\/bokashicompost.be\/nl\/wp-json\/wp\/v2\/product\/10284","targetHints":{"allow":["GET"]}}],"collection":[{"href":"https:\/\/bokashicompost.be\/nl\/wp-json\/wp\/v2\/product"}],"about":[{"href":"https:\/\/bokashicompost.be\/nl\/wp-json\/wp\/v2\/types\/product"}],"replies":[{"embeddable":true,"href":"https:\/\/bokashicompost.be\/nl\/wp-json\/wp\/v2\/comments?post=10284"}],"wp:featuredmedia":[{"embeddable":true,"href":"https:\/\/bokashicompost.be\/nl\/wp-json\/wp\/v2\/media\/15029"}],"wp:attachment":[{"href":"https:\/\/bokashicompost.be\/nl\/wp-json\/wp\/v2\/media?parent=10284"}],"wp:term":[{"taxonomy":"product_brand","embeddable":true,"href":"https:\/\/bokashicompost.be\/nl\/wp-json\/wp\/v2\/product_brand?post=10284"},{"taxonomy":"product_cat","embeddable":true,"href":"https:\/\/bokashicompost.be\/nl\/wp-json\/wp\/v2\/product_cat?post=10284"},{"taxonomy":"product_tag","embeddable":true,"href":"https:\/\/bokashicompost.be\/nl\/wp-json\/wp\/v2\/product_tag?post=10284"}],"curies":[{"name":"wp","href":"https:\/\/api.w.org\/{rel}","templated":true}]}}