{"id":10149,"date":"2022-10-19T19:05:09","date_gmt":"2022-10-19T17:17:12","guid":{"rendered":"https:\/\/bokashi.bladeinfo.it\/produit\/em-keramische-ring-klein-voor-water-karaf-fles"},"modified":"2025-04-21T17:44:26","modified_gmt":"2025-04-21T15:44:26","slug":"ring-kleine-ring-keramisch-water-karaf-kalebas","status":"publish","type":"product","link":"https:\/\/bokashicompost.be\/nl\/product\/ring-kleine-ring-keramisch-water-karaf-kalebas\/","title":{"rendered":"EM\u00ae Keramische Ring Klein voor Water, Karaf, Fles"},"content":{"rendered":"","protected":false},"excerpt":{"rendered":"<p>Kleine EM\u00ae keramische ring voor plaatsing op de bodem van een waterkan, fontein, bloemenvaas, fles of andere bak met water.<\/p>\n<div class=\"product_header_container clearfix\">\n<h1 class=\"h1 page-title\"><span style=\"color: #666666; font-size: 14px;\">De Ring Small gebruikt EM\u00ae Ceramics technologie om de structuur en kwaliteit van het water te verbeteren, waardoor het een betere smaak krijgt en de levensduur van de snijbloemen wordt verlengd.<\/span><\/h1>\n<\/div>\n<p>Grijze EM\u00ae keramiektechnologie is het product van het op hoge temperatuur (1200\u00b0C) bakken van een EM\u00ae gefermenteerde klei.<\/p>\n<p><strong>Water<\/strong>: EM\u00ae Ceramics producten werken volgens het principe van resonantie. Ze herdynamiseren het water, waardoor kalkaanslag en oxidatie afnemen, onaangename smaken verdwijnen en de waterkwaliteit verbetert.<\/p>\n<p><strong>Bewaring<\/strong>: Dankzij resonantie kunnen producten van EM\u00ae Ceramics de houdbaarheid van voedsel in de koelkast, fruitmand enz. verlengen.<\/p>\n<p>De ringvorm zorgt voor eenvoudige bevestiging en reiniging. Het formaat zorgt voor optimale effici\u00ebntie voor kleine containers door slechts \u00e9\u00e9n stuk mee te nemen.<\/p>\n<p>Een eenheid per verpakking.<\/p>\n<p>Ronde ring &#8220;Ring Small&#8221;: Binnendiameter: 10 mm Buitendiameter: 35 mm.<\/p>\n<p><div class='et-box et-shadow'>\n\t\t\t\t\t<div class='et-box-content'>EM\u00ae keramiek wordt geproduceerd met kwaliteitsklei die gefermenteerd is met effectieve EM-micro-organismen en gebakken bij zeer hoge temperaturen in ana\u00ebrobe omstandigheden. De vele kenmerken en informatie van de micro-organismen blijven bewaard in de keramiek, na het bakproces. Dit verklaart de duurzame eigenschappen van EM-keramiek, dat de volgende effecten heeft op het water waarin het wordt ondergedompeld:<\/p>\n<ul>\n<li>vermindering van de oppervlaktespanning van het water<\/li>\n<li>vermindering van de grootte van clusters van watermoleculen<\/li>\n<li>wijziging van het redoxpotentieel en verhoging van de antioxidatieve kracht<\/li>\n<li>door resonantie-effect, overdracht van de &#8220;positieve effecten&#8221; van EM.<\/div><\/div><\/li>\n<\/ul>\n<p>&nbsp;<\/p>\n<p>&nbsp;<\/p>\n","protected":false},"featured_media":10135,"comment_status":"open","ping_status":"closed","template":"","meta":{"_et_pb_use_builder":"","_et_pb_old_content":"","_et_gb_content_width":""},"product_brand":[],"product_cat":[298,299],"product_tag":[307,305,301],"class_list":{"0":"post-10149","1":"product","2":"type-product","3":"status-publish","4":"has-post-thumbnail","6":"product_cat-producten","7":"product_cat-water-nl","8":"product_tag-em-nl","9":"product_tag-water-nl","10":"product_tag-wellness-nl","11":"product_shipping_class-minder-dan-2kg","13":"first","14":"instock","15":"shipping-taxable","16":"purchasable","17":"product-type-simple"},"yoast_head":"<!-- This site is optimized with the Yoast SEO plugin v27.4 - https:\/\/yoast.com\/product\/yoast-seo-wordpress\/ -->\n<title>EM\u00ae Keramische Ring Klein voor Water, Karaf, Fles - Bokashi Compost<\/title>\n<meta name=\"description\" content=\"Kleine EM\u00ae keramische ring voor plaatsing op de bodem van een karaf, fles of andere bak met water (tot 5L) om de smaak te verbeteren, kalkaanslag te verminderen en het water van energie te voorzien.\" \/>\n<meta name=\"robots\" content=\"index, follow, max-snippet:-1, max-image-preview:large, max-video-preview:-1\" \/>\n<link rel=\"canonical\" href=\"https:\/\/bokashicompost.be\/nl\/product\/ring-kleine-ring-keramisch-water-karaf-kalebas\/\" \/>\n<meta property=\"og:locale\" content=\"nl_NL\" \/>\n<meta property=\"og:type\" content=\"article\" \/>\n<meta property=\"og:title\" content=\"EM\u00ae Keramische Ring Klein voor Water, Karaf, Fles - Bokashi Compost\" \/>\n<meta property=\"og:description\" content=\"Kleine EM\u00ae keramische ring voor plaatsing op de bodem van een karaf, fles of andere bak met water (tot 5L) om de smaak te verbeteren, kalkaanslag te verminderen en het water van energie te voorzien.\" \/>\n<meta property=\"og:url\" content=\"https:\/\/bokashicompost.be\/nl\/product\/ring-kleine-ring-keramisch-water-karaf-kalebas\/\" \/>\n<meta property=\"og:site_name\" content=\"Bokashi Compost\" \/>\n<meta property=\"article:publisher\" content=\"https:\/\/www.facebook.com\/bokashicompostbe\/\" \/>\n<meta property=\"article:modified_time\" content=\"2025-04-21T15:44:26+00:00\" \/>\n<meta property=\"og:image\" content=\"https:\/\/bokashicompost.be\/wp-content\/uploads\/2022\/10\/ring-small-em-ceramics.jpeg\" \/>\n\t<meta property=\"og:image:width\" content=\"1000\" \/>\n\t<meta property=\"og:image:height\" content=\"1000\" \/>\n\t<meta property=\"og:image:type\" content=\"image\/jpeg\" \/>\n<meta name=\"twitter:card\" content=\"summary_large_image\" \/>\n<script type=\"application\/ld+json\" class=\"yoast-schema-graph\">{\"@context\":\"https:\\\/\\\/schema.org\",\"@graph\":[{\"@type\":\"WebPage\",\"@id\":\"https:\\\/\\\/bokashicompost.be\\\/nl\\\/product\\\/ring-kleine-ring-keramisch-water-karaf-kalebas\\\/\",\"url\":\"https:\\\/\\\/bokashicompost.be\\\/nl\\\/product\\\/ring-kleine-ring-keramisch-water-karaf-kalebas\\\/\",\"name\":\"EM\u00ae Keramische Ring Klein voor Water, Karaf, Fles - Bokashi Compost\",\"isPartOf\":{\"@id\":\"https:\\\/\\\/bokashicompost.be\\\/nl\\\/#website\"},\"primaryImageOfPage\":{\"@id\":\"https:\\\/\\\/bokashicompost.be\\\/nl\\\/product\\\/ring-kleine-ring-keramisch-water-karaf-kalebas\\\/#primaryimage\"},\"image\":{\"@id\":\"https:\\\/\\\/bokashicompost.be\\\/nl\\\/product\\\/ring-kleine-ring-keramisch-water-karaf-kalebas\\\/#primaryimage\"},\"thumbnailUrl\":\"https:\\\/\\\/bokashicompost.be\\\/wp-content\\\/uploads\\\/2022\\\/10\\\/ring-small-em-ceramics.jpeg\",\"datePublished\":\"2022-10-19T17:17:12+00:00\",\"dateModified\":\"2025-04-21T15:44:26+00:00\",\"description\":\"Kleine EM\u00ae keramische ring voor plaatsing op de bodem van een karaf, fles of andere bak met water (tot 5L) om de smaak te verbeteren, kalkaanslag te verminderen en het water van energie te voorzien.\",\"breadcrumb\":{\"@id\":\"https:\\\/\\\/bokashicompost.be\\\/nl\\\/product\\\/ring-kleine-ring-keramisch-water-karaf-kalebas\\\/#breadcrumb\"},\"inLanguage\":\"nl-NL\",\"potentialAction\":[{\"@type\":\"ReadAction\",\"target\":[\"https:\\\/\\\/bokashicompost.be\\\/nl\\\/product\\\/ring-kleine-ring-keramisch-water-karaf-kalebas\\\/\"]}]},{\"@type\":\"ImageObject\",\"inLanguage\":\"nl-NL\",\"@id\":\"https:\\\/\\\/bokashicompost.be\\\/nl\\\/product\\\/ring-kleine-ring-keramisch-water-karaf-kalebas\\\/#primaryimage\",\"url\":\"https:\\\/\\\/bokashicompost.be\\\/wp-content\\\/uploads\\\/2022\\\/10\\\/ring-small-em-ceramics.jpeg\",\"contentUrl\":\"https:\\\/\\\/bokashicompost.be\\\/wp-content\\\/uploads\\\/2022\\\/10\\\/ring-small-em-ceramics.jpeg\",\"width\":1000,\"height\":1000},{\"@type\":\"BreadcrumbList\",\"@id\":\"https:\\\/\\\/bokashicompost.be\\\/nl\\\/product\\\/ring-kleine-ring-keramisch-water-karaf-kalebas\\\/#breadcrumb\",\"itemListElement\":[{\"@type\":\"ListItem\",\"position\":1,\"name\":\"Home\",\"item\":\"https:\\\/\\\/bokashicompost.be\\\/nl\\\/\"},{\"@type\":\"ListItem\",\"position\":2,\"name\":\"Shop\",\"item\":\"https:\\\/\\\/bokashicompost.be\\\/nl\\\/shop-nl\\\/\"},{\"@type\":\"ListItem\",\"position\":3,\"name\":\"EM\u00ae Keramische Ring Klein voor Water, Karaf, Fles\"}]},{\"@type\":\"WebSite\",\"@id\":\"https:\\\/\\\/bokashicompost.be\\\/nl\\\/#website\",\"url\":\"https:\\\/\\\/bokashicompost.be\\\/nl\\\/\",\"name\":\"Bokashi Compost\",\"description\":\"from food to soil to food\",\"publisher\":{\"@id\":\"https:\\\/\\\/bokashicompost.be\\\/nl\\\/#organization\"},\"potentialAction\":[{\"@type\":\"SearchAction\",\"target\":{\"@type\":\"EntryPoint\",\"urlTemplate\":\"https:\\\/\\\/bokashicompost.be\\\/nl\\\/?s={search_term_string}\"},\"query-input\":{\"@type\":\"PropertyValueSpecification\",\"valueRequired\":true,\"valueName\":\"search_term_string\"}}],\"inLanguage\":\"nl-NL\"},{\"@type\":\"Organization\",\"@id\":\"https:\\\/\\\/bokashicompost.be\\\/nl\\\/#organization\",\"name\":\"BokashiCompost\",\"url\":\"https:\\\/\\\/bokashicompost.be\\\/nl\\\/\",\"logo\":{\"@type\":\"ImageObject\",\"inLanguage\":\"nl-NL\",\"@id\":\"https:\\\/\\\/bokashicompost.be\\\/nl\\\/#\\\/schema\\\/logo\\\/image\\\/\",\"url\":\"https:\\\/\\\/bokashicompost.be\\\/wp-content\\\/uploads\\\/2019\\\/04\\\/image.jpg\",\"contentUrl\":\"https:\\\/\\\/bokashicompost.be\\\/wp-content\\\/uploads\\\/2019\\\/04\\\/image.jpg\",\"width\":960,\"height\":960,\"caption\":\"BokashiCompost\"},\"image\":{\"@id\":\"https:\\\/\\\/bokashicompost.be\\\/nl\\\/#\\\/schema\\\/logo\\\/image\\\/\"},\"sameAs\":[\"https:\\\/\\\/www.facebook.com\\\/bokashicompostbe\\\/\",\"https:\\\/\\\/www.instagram.com\\\/bokashicompost\\\/\",\"https:\\\/\\\/www.linkedin.com\\\/company\\\/13994117\",\"https:\\\/\\\/www.youtube.com\\\/channel\\\/UC-X67YxW1qNoFtkvU2yO43A\"]}]}<\/script>\n<!-- \/ Yoast SEO plugin. -->","yoast_head_json":{"title":"EM\u00ae Keramische Ring Klein voor Water, Karaf, Fles - Bokashi Compost","description":"Kleine EM\u00ae keramische ring voor plaatsing op de bodem van een karaf, fles of andere bak met water (tot 5L) om de smaak te verbeteren, kalkaanslag te verminderen en het water van energie te voorzien.","robots":{"index":"index","follow":"follow","max-snippet":"max-snippet:-1","max-image-preview":"max-image-preview:large","max-video-preview":"max-video-preview:-1"},"canonical":"https:\/\/bokashicompost.be\/nl\/product\/ring-kleine-ring-keramisch-water-karaf-kalebas\/","og_locale":"nl_NL","og_type":"article","og_title":"EM\u00ae Keramische Ring Klein voor Water, Karaf, Fles - Bokashi Compost","og_description":"Kleine EM\u00ae keramische ring voor plaatsing op de bodem van een karaf, fles of andere bak met water (tot 5L) om de smaak te verbeteren, kalkaanslag te verminderen en het water van energie te voorzien.","og_url":"https:\/\/bokashicompost.be\/nl\/product\/ring-kleine-ring-keramisch-water-karaf-kalebas\/","og_site_name":"Bokashi Compost","article_publisher":"https:\/\/www.facebook.com\/bokashicompostbe\/","article_modified_time":"2025-04-21T15:44:26+00:00","og_image":[{"width":1000,"height":1000,"url":"https:\/\/bokashicompost.be\/wp-content\/uploads\/2022\/10\/ring-small-em-ceramics.jpeg","type":"image\/jpeg"}],"twitter_card":"summary_large_image","schema":{"@context":"https:\/\/schema.org","@graph":[{"@type":"WebPage","@id":"https:\/\/bokashicompost.be\/nl\/product\/ring-kleine-ring-keramisch-water-karaf-kalebas\/","url":"https:\/\/bokashicompost.be\/nl\/product\/ring-kleine-ring-keramisch-water-karaf-kalebas\/","name":"EM\u00ae Keramische Ring Klein voor Water, Karaf, Fles - Bokashi Compost","isPartOf":{"@id":"https:\/\/bokashicompost.be\/nl\/#website"},"primaryImageOfPage":{"@id":"https:\/\/bokashicompost.be\/nl\/product\/ring-kleine-ring-keramisch-water-karaf-kalebas\/#primaryimage"},"image":{"@id":"https:\/\/bokashicompost.be\/nl\/product\/ring-kleine-ring-keramisch-water-karaf-kalebas\/#primaryimage"},"thumbnailUrl":"https:\/\/bokashicompost.be\/wp-content\/uploads\/2022\/10\/ring-small-em-ceramics.jpeg","datePublished":"2022-10-19T17:17:12+00:00","dateModified":"2025-04-21T15:44:26+00:00","description":"Kleine EM\u00ae keramische ring voor plaatsing op de bodem van een karaf, fles of andere bak met water (tot 5L) om de smaak te verbeteren, kalkaanslag te verminderen en het water van energie te voorzien.","breadcrumb":{"@id":"https:\/\/bokashicompost.be\/nl\/product\/ring-kleine-ring-keramisch-water-karaf-kalebas\/#breadcrumb"},"inLanguage":"nl-NL","potentialAction":[{"@type":"ReadAction","target":["https:\/\/bokashicompost.be\/nl\/product\/ring-kleine-ring-keramisch-water-karaf-kalebas\/"]}]},{"@type":"ImageObject","inLanguage":"nl-NL","@id":"https:\/\/bokashicompost.be\/nl\/product\/ring-kleine-ring-keramisch-water-karaf-kalebas\/#primaryimage","url":"https:\/\/bokashicompost.be\/wp-content\/uploads\/2022\/10\/ring-small-em-ceramics.jpeg","contentUrl":"https:\/\/bokashicompost.be\/wp-content\/uploads\/2022\/10\/ring-small-em-ceramics.jpeg","width":1000,"height":1000},{"@type":"BreadcrumbList","@id":"https:\/\/bokashicompost.be\/nl\/product\/ring-kleine-ring-keramisch-water-karaf-kalebas\/#breadcrumb","itemListElement":[{"@type":"ListItem","position":1,"name":"Home","item":"https:\/\/bokashicompost.be\/nl\/"},{"@type":"ListItem","position":2,"name":"Shop","item":"https:\/\/bokashicompost.be\/nl\/shop-nl\/"},{"@type":"ListItem","position":3,"name":"EM\u00ae Keramische Ring Klein voor Water, Karaf, Fles"}]},{"@type":"WebSite","@id":"https:\/\/bokashicompost.be\/nl\/#website","url":"https:\/\/bokashicompost.be\/nl\/","name":"Bokashi Compost","description":"from food to soil to food","publisher":{"@id":"https:\/\/bokashicompost.be\/nl\/#organization"},"potentialAction":[{"@type":"SearchAction","target":{"@type":"EntryPoint","urlTemplate":"https:\/\/bokashicompost.be\/nl\/?s={search_term_string}"},"query-input":{"@type":"PropertyValueSpecification","valueRequired":true,"valueName":"search_term_string"}}],"inLanguage":"nl-NL"},{"@type":"Organization","@id":"https:\/\/bokashicompost.be\/nl\/#organization","name":"BokashiCompost","url":"https:\/\/bokashicompost.be\/nl\/","logo":{"@type":"ImageObject","inLanguage":"nl-NL","@id":"https:\/\/bokashicompost.be\/nl\/#\/schema\/logo\/image\/","url":"https:\/\/bokashicompost.be\/wp-content\/uploads\/2019\/04\/image.jpg","contentUrl":"https:\/\/bokashicompost.be\/wp-content\/uploads\/2019\/04\/image.jpg","width":960,"height":960,"caption":"BokashiCompost"},"image":{"@id":"https:\/\/bokashicompost.be\/nl\/#\/schema\/logo\/image\/"},"sameAs":["https:\/\/www.facebook.com\/bokashicompostbe\/","https:\/\/www.instagram.com\/bokashicompost\/","https:\/\/www.linkedin.com\/company\/13994117","https:\/\/www.youtube.com\/channel\/UC-X67YxW1qNoFtkvU2yO43A"]}]}},"_links":{"self":[{"href":"https:\/\/bokashicompost.be\/nl\/wp-json\/wp\/v2\/product\/10149","targetHints":{"allow":["GET"]}}],"collection":[{"href":"https:\/\/bokashicompost.be\/nl\/wp-json\/wp\/v2\/product"}],"about":[{"href":"https:\/\/bokashicompost.be\/nl\/wp-json\/wp\/v2\/types\/product"}],"replies":[{"embeddable":true,"href":"https:\/\/bokashicompost.be\/nl\/wp-json\/wp\/v2\/comments?post=10149"}],"wp:featuredmedia":[{"embeddable":true,"href":"https:\/\/bokashicompost.be\/nl\/wp-json\/wp\/v2\/media\/10135"}],"wp:attachment":[{"href":"https:\/\/bokashicompost.be\/nl\/wp-json\/wp\/v2\/media?parent=10149"}],"wp:term":[{"taxonomy":"product_brand","embeddable":true,"href":"https:\/\/bokashicompost.be\/nl\/wp-json\/wp\/v2\/product_brand?post=10149"},{"taxonomy":"product_cat","embeddable":true,"href":"https:\/\/bokashicompost.be\/nl\/wp-json\/wp\/v2\/product_cat?post=10149"},{"taxonomy":"product_tag","embeddable":true,"href":"https:\/\/bokashicompost.be\/nl\/wp-json\/wp\/v2\/product_tag?post=10149"}],"curies":[{"name":"wp","href":"https:\/\/api.w.org\/{rel}","templated":true}]}}