{"id":9317,"date":"2019-07-18T19:45:17","date_gmt":"2022-03-15T16:58:26","guid":{"rendered":"https:\/\/bokashi.bladeinfo.it\/produit\/perle-in-ceramicha-em-350-tubicini"},"modified":"2023-02-21T13:36:27","modified_gmt":"2023-02-21T12:36:27","slug":"perle-in-ceramica-em-350-tubicini","status":"publish","type":"product","link":"https:\/\/bokashicompost.be\/it\/prodotti\/perle-in-ceramica-em-350-tubicini\/","title":{"rendered":"Perle in Ceramicha EM\u00ae (350 tubicini)"},"content":{"rendered":"","protected":false},"excerpt":{"rendered":"<p>Perle in ceramica (tubicini) arricchite con EM\u00a0 migliorano il gusto e la qualit\u00e0 dell&#8217;acqua del rubinetto diminuendo i residui di calcare.<br \/>\nMettetene una ventina nel distributore dell&#8217;acqua, nella borraccia, in una brocca e lasciate agire per 30 minuti prima di bere.<\/p>\n<p>Una decina nell&#8217;acqua di lavaggio della verdura, nei vasi dei fiori, nelle ciotole degli animali, nel bollitore (20), negli acquari (5-25).<\/p>\n<p>Possono anche essere utilizzati in combinazione con Wipe&amp;Clean nella lavatrice (40-50 tubicini in un sacchetto di tessuto all&#8217;interno della lavatrice) o nella lavastoviglie (20 tubicini nel contenitore delle posate): la quantit\u00e0 di detergente pu\u00f2 cos\u00ec essere ridotta ottenendo una pulizia naturale.<br \/>\nPer volumi fino a 10Lt.<\/p>\n<p>Le perle in ceramica sono riutilizzabili quindi #zerosprechi: lavatele regolarmente sotto l&#8217;acqua corrente strofinandole bene.<\/p>\n<p>Confezione contenente 500g di tubicini in ceramica (approssimativamente 350 pezzi).<\/p>\n<p><div class='et-box et-shadow'>\n\t\t\t\t\t<div class='et-box-content'>Le ceramiche EM\u00ae sono prodotte con argilla fermentata di alta qualit\u00e0 con l&#8217;aiuto dei microrganismi effettivi EM e cotte ad alta temperatura in condizioni anaerobiche. Le molteplici caratteristiche e informazioni dei microrganismi si conservano nella ceramica, anche dopo la cottura. Questo spiega le propriet\u00e0 di lunga durata delle ceramiche EM che avranno i seguenti effetti sull&#8217;acqua con la quale sono venuti in contatto:<\/p>\n<ul>\n<li>diminuzione della tensione superficiale dell&#8217;acqua<\/li>\n<li>riduzione della dimensione dei cluster delle molecole dell&#8217;acqua<\/li>\n<li>modifica del potenziale redox e aumento del potere antiossidante<\/li>\n<li>per effetto di risonanza, trasmissione degli effetti positivi degli EM.<\/div><\/div><\/li>\n<\/ul>\n","protected":false},"featured_media":7857,"comment_status":"closed","ping_status":"closed","template":"","meta":{"_et_pb_use_builder":"","_et_pb_old_content":"","_et_gb_content_width":""},"product_brand":[],"product_cat":[273,263,268],"product_tag":[275,274,265,266,269],"class_list":{"0":"post-9317","1":"product","2":"type-product","3":"status-publish","4":"has-post-thumbnail","6":"product_cat-acqua","7":"product_cat-prodotti","8":"product_cat-zerosprechi","9":"product_tag-acqua","10":"product_tag-ambiente-sano","11":"product_tag-benessere","12":"product_tag-em-it","13":"product_tag-zerosprechi","14":"product_shipping_class-sotto-2kg","16":"first","17":"instock","18":"shipping-taxable","19":"purchasable","20":"product-type-simple"},"yoast_head":"<!-- This site is optimized with the Yoast SEO plugin v27.6 - https:\/\/yoast.com\/product\/yoast-seo-wordpress\/ -->\n<title>Perle in Ceramicha EM\u00ae (350 tubicini) - Bokashi Compost<\/title>\n<meta name=\"description\" content=\"350 perle in ceramica EM per l&#039;acqua (tubicini). Migliorano la qualit\u00e0 e diminuiscono i depositi di calcare. Brocche, lavastoviglie, lavatrice\" \/>\n<meta name=\"robots\" content=\"index, follow, max-snippet:-1, max-image-preview:large, max-video-preview:-1\" \/>\n<link rel=\"canonical\" href=\"https:\/\/bokashicompost.be\/it\/prodotti\/perle-in-ceramica-em-350-tubicini\/\" \/>\n<meta property=\"og:locale\" content=\"it_IT\" \/>\n<meta property=\"og:type\" content=\"article\" \/>\n<meta property=\"og:title\" content=\"Perle in Ceramicha EM\u00ae (350 tubicini) - Bokashi Compost\" \/>\n<meta property=\"og:description\" content=\"350 perle in ceramica EM per l&#039;acqua (tubicini). Migliorano la qualit\u00e0 e diminuiscono i depositi di calcare. Brocche, lavastoviglie, lavatrice\" \/>\n<meta property=\"og:url\" content=\"https:\/\/bokashicompost.be\/it\/prodotti\/perle-in-ceramica-em-350-tubicini\/\" \/>\n<meta property=\"og:site_name\" content=\"Bokashi Compost\" \/>\n<meta property=\"article:publisher\" content=\"https:\/\/www.facebook.com\/bokashicompostbe\/\" \/>\n<meta property=\"article:modified_time\" content=\"2023-02-21T12:36:27+00:00\" \/>\n<meta property=\"og:image\" content=\"https:\/\/bokashicompost.be\/wp-content\/uploads\/2019\/02\/EM_ceramique_ceramics_pipe_petites_500g_alimentaire.jpg\" \/>\n\t<meta property=\"og:image:width\" content=\"800\" \/>\n\t<meta property=\"og:image:height\" content=\"800\" \/>\n\t<meta property=\"og:image:type\" content=\"image\/jpeg\" \/>\n<meta name=\"twitter:card\" content=\"summary_large_image\" \/>\n<script type=\"application\/ld+json\" class=\"yoast-schema-graph\">{\"@context\":\"https:\\\/\\\/schema.org\",\"@graph\":[{\"@type\":\"WebPage\",\"@id\":\"https:\\\/\\\/bokashicompost.be\\\/it\\\/prodotti\\\/perle-in-ceramica-em-350-tubicini\\\/\",\"url\":\"https:\\\/\\\/bokashicompost.be\\\/it\\\/prodotti\\\/perle-in-ceramica-em-350-tubicini\\\/\",\"name\":\"Perle in Ceramicha EM\u00ae (350 tubicini) - Bokashi Compost\",\"isPartOf\":{\"@id\":\"https:\\\/\\\/bokashicompost.be\\\/it\\\/#website\"},\"primaryImageOfPage\":{\"@id\":\"https:\\\/\\\/bokashicompost.be\\\/it\\\/prodotti\\\/perle-in-ceramica-em-350-tubicini\\\/#primaryimage\"},\"image\":{\"@id\":\"https:\\\/\\\/bokashicompost.be\\\/it\\\/prodotti\\\/perle-in-ceramica-em-350-tubicini\\\/#primaryimage\"},\"thumbnailUrl\":\"https:\\\/\\\/bokashicompost.be\\\/wp-content\\\/uploads\\\/2019\\\/02\\\/EM_ceramique_ceramics_pipe_petites_500g_alimentaire.jpg\",\"datePublished\":\"2022-03-15T16:58:26+00:00\",\"dateModified\":\"2023-02-21T12:36:27+00:00\",\"description\":\"350 perle in ceramica EM per l'acqua (tubicini). Migliorano la qualit\u00e0 e diminuiscono i depositi di calcare. Brocche, lavastoviglie, lavatrice\",\"breadcrumb\":{\"@id\":\"https:\\\/\\\/bokashicompost.be\\\/it\\\/prodotti\\\/perle-in-ceramica-em-350-tubicini\\\/#breadcrumb\"},\"inLanguage\":\"it-IT\",\"potentialAction\":[{\"@type\":\"ReadAction\",\"target\":[\"https:\\\/\\\/bokashicompost.be\\\/it\\\/prodotti\\\/perle-in-ceramica-em-350-tubicini\\\/\"]}]},{\"@type\":\"ImageObject\",\"inLanguage\":\"it-IT\",\"@id\":\"https:\\\/\\\/bokashicompost.be\\\/it\\\/prodotti\\\/perle-in-ceramica-em-350-tubicini\\\/#primaryimage\",\"url\":\"https:\\\/\\\/bokashicompost.be\\\/wp-content\\\/uploads\\\/2019\\\/02\\\/EM_ceramique_ceramics_pipe_petites_500g_alimentaire.jpg\",\"contentUrl\":\"https:\\\/\\\/bokashicompost.be\\\/wp-content\\\/uploads\\\/2019\\\/02\\\/EM_ceramique_ceramics_pipe_petites_500g_alimentaire.jpg\",\"width\":800,\"height\":800,\"caption\":\"piccoli tubi perle ceramica EM per acqua del rubinetto\"},{\"@type\":\"BreadcrumbList\",\"@id\":\"https:\\\/\\\/bokashicompost.be\\\/it\\\/prodotti\\\/perle-in-ceramica-em-350-tubicini\\\/#breadcrumb\",\"itemListElement\":[{\"@type\":\"ListItem\",\"position\":1,\"name\":\"Home\",\"item\":\"https:\\\/\\\/bokashicompost.be\\\/it\\\/\"},{\"@type\":\"ListItem\",\"position\":2,\"name\":\"Negozio\",\"item\":\"https:\\\/\\\/bokashicompost.be\\\/it\\\/negozio\\\/\"},{\"@type\":\"ListItem\",\"position\":3,\"name\":\"Perle in Ceramicha EM\u00ae (350 tubicini)\"}]},{\"@type\":\"WebSite\",\"@id\":\"https:\\\/\\\/bokashicompost.be\\\/it\\\/#website\",\"url\":\"https:\\\/\\\/bokashicompost.be\\\/it\\\/\",\"name\":\"Bokashi Compost\",\"description\":\"from food to soil to food\",\"publisher\":{\"@id\":\"https:\\\/\\\/bokashicompost.be\\\/it\\\/#organization\"},\"potentialAction\":[{\"@type\":\"SearchAction\",\"target\":{\"@type\":\"EntryPoint\",\"urlTemplate\":\"https:\\\/\\\/bokashicompost.be\\\/it\\\/?s={search_term_string}\"},\"query-input\":{\"@type\":\"PropertyValueSpecification\",\"valueRequired\":true,\"valueName\":\"search_term_string\"}}],\"inLanguage\":\"it-IT\"},{\"@type\":\"Organization\",\"@id\":\"https:\\\/\\\/bokashicompost.be\\\/it\\\/#organization\",\"name\":\"BokashiCompost\",\"url\":\"https:\\\/\\\/bokashicompost.be\\\/it\\\/\",\"logo\":{\"@type\":\"ImageObject\",\"inLanguage\":\"it-IT\",\"@id\":\"https:\\\/\\\/bokashicompost.be\\\/it\\\/#\\\/schema\\\/logo\\\/image\\\/\",\"url\":\"https:\\\/\\\/bokashicompost.be\\\/wp-content\\\/uploads\\\/2019\\\/04\\\/image.jpg\",\"contentUrl\":\"https:\\\/\\\/bokashicompost.be\\\/wp-content\\\/uploads\\\/2019\\\/04\\\/image.jpg\",\"width\":960,\"height\":960,\"caption\":\"BokashiCompost\"},\"image\":{\"@id\":\"https:\\\/\\\/bokashicompost.be\\\/it\\\/#\\\/schema\\\/logo\\\/image\\\/\"},\"sameAs\":[\"https:\\\/\\\/www.facebook.com\\\/bokashicompostbe\\\/\",\"https:\\\/\\\/www.instagram.com\\\/bokashicompost\\\/\",\"https:\\\/\\\/www.linkedin.com\\\/company\\\/13994117\",\"https:\\\/\\\/www.youtube.com\\\/channel\\\/UC-X67YxW1qNoFtkvU2yO43A\"]}]}<\/script>\n<!-- \/ Yoast SEO plugin. -->","yoast_head_json":{"title":"Perle in Ceramicha EM\u00ae (350 tubicini) - Bokashi Compost","description":"350 perle in ceramica EM per l'acqua (tubicini). Migliorano la qualit\u00e0 e diminuiscono i depositi di calcare. Brocche, lavastoviglie, lavatrice","robots":{"index":"index","follow":"follow","max-snippet":"max-snippet:-1","max-image-preview":"max-image-preview:large","max-video-preview":"max-video-preview:-1"},"canonical":"https:\/\/bokashicompost.be\/it\/prodotti\/perle-in-ceramica-em-350-tubicini\/","og_locale":"it_IT","og_type":"article","og_title":"Perle in Ceramicha EM\u00ae (350 tubicini) - Bokashi Compost","og_description":"350 perle in ceramica EM per l'acqua (tubicini). Migliorano la qualit\u00e0 e diminuiscono i depositi di calcare. Brocche, lavastoviglie, lavatrice","og_url":"https:\/\/bokashicompost.be\/it\/prodotti\/perle-in-ceramica-em-350-tubicini\/","og_site_name":"Bokashi Compost","article_publisher":"https:\/\/www.facebook.com\/bokashicompostbe\/","article_modified_time":"2023-02-21T12:36:27+00:00","og_image":[{"width":800,"height":800,"url":"https:\/\/bokashicompost.be\/wp-content\/uploads\/2019\/02\/EM_ceramique_ceramics_pipe_petites_500g_alimentaire.jpg","type":"image\/jpeg"}],"twitter_card":"summary_large_image","schema":{"@context":"https:\/\/schema.org","@graph":[{"@type":"WebPage","@id":"https:\/\/bokashicompost.be\/it\/prodotti\/perle-in-ceramica-em-350-tubicini\/","url":"https:\/\/bokashicompost.be\/it\/prodotti\/perle-in-ceramica-em-350-tubicini\/","name":"Perle in Ceramicha EM\u00ae (350 tubicini) - Bokashi Compost","isPartOf":{"@id":"https:\/\/bokashicompost.be\/it\/#website"},"primaryImageOfPage":{"@id":"https:\/\/bokashicompost.be\/it\/prodotti\/perle-in-ceramica-em-350-tubicini\/#primaryimage"},"image":{"@id":"https:\/\/bokashicompost.be\/it\/prodotti\/perle-in-ceramica-em-350-tubicini\/#primaryimage"},"thumbnailUrl":"https:\/\/bokashicompost.be\/wp-content\/uploads\/2019\/02\/EM_ceramique_ceramics_pipe_petites_500g_alimentaire.jpg","datePublished":"2022-03-15T16:58:26+00:00","dateModified":"2023-02-21T12:36:27+00:00","description":"350 perle in ceramica EM per l'acqua (tubicini). Migliorano la qualit\u00e0 e diminuiscono i depositi di calcare. Brocche, lavastoviglie, lavatrice","breadcrumb":{"@id":"https:\/\/bokashicompost.be\/it\/prodotti\/perle-in-ceramica-em-350-tubicini\/#breadcrumb"},"inLanguage":"it-IT","potentialAction":[{"@type":"ReadAction","target":["https:\/\/bokashicompost.be\/it\/prodotti\/perle-in-ceramica-em-350-tubicini\/"]}]},{"@type":"ImageObject","inLanguage":"it-IT","@id":"https:\/\/bokashicompost.be\/it\/prodotti\/perle-in-ceramica-em-350-tubicini\/#primaryimage","url":"https:\/\/bokashicompost.be\/wp-content\/uploads\/2019\/02\/EM_ceramique_ceramics_pipe_petites_500g_alimentaire.jpg","contentUrl":"https:\/\/bokashicompost.be\/wp-content\/uploads\/2019\/02\/EM_ceramique_ceramics_pipe_petites_500g_alimentaire.jpg","width":800,"height":800,"caption":"piccoli tubi perle ceramica EM per acqua del rubinetto"},{"@type":"BreadcrumbList","@id":"https:\/\/bokashicompost.be\/it\/prodotti\/perle-in-ceramica-em-350-tubicini\/#breadcrumb","itemListElement":[{"@type":"ListItem","position":1,"name":"Home","item":"https:\/\/bokashicompost.be\/it\/"},{"@type":"ListItem","position":2,"name":"Negozio","item":"https:\/\/bokashicompost.be\/it\/negozio\/"},{"@type":"ListItem","position":3,"name":"Perle in Ceramicha EM\u00ae (350 tubicini)"}]},{"@type":"WebSite","@id":"https:\/\/bokashicompost.be\/it\/#website","url":"https:\/\/bokashicompost.be\/it\/","name":"Bokashi Compost","description":"from food to soil to food","publisher":{"@id":"https:\/\/bokashicompost.be\/it\/#organization"},"potentialAction":[{"@type":"SearchAction","target":{"@type":"EntryPoint","urlTemplate":"https:\/\/bokashicompost.be\/it\/?s={search_term_string}"},"query-input":{"@type":"PropertyValueSpecification","valueRequired":true,"valueName":"search_term_string"}}],"inLanguage":"it-IT"},{"@type":"Organization","@id":"https:\/\/bokashicompost.be\/it\/#organization","name":"BokashiCompost","url":"https:\/\/bokashicompost.be\/it\/","logo":{"@type":"ImageObject","inLanguage":"it-IT","@id":"https:\/\/bokashicompost.be\/it\/#\/schema\/logo\/image\/","url":"https:\/\/bokashicompost.be\/wp-content\/uploads\/2019\/04\/image.jpg","contentUrl":"https:\/\/bokashicompost.be\/wp-content\/uploads\/2019\/04\/image.jpg","width":960,"height":960,"caption":"BokashiCompost"},"image":{"@id":"https:\/\/bokashicompost.be\/it\/#\/schema\/logo\/image\/"},"sameAs":["https:\/\/www.facebook.com\/bokashicompostbe\/","https:\/\/www.instagram.com\/bokashicompost\/","https:\/\/www.linkedin.com\/company\/13994117","https:\/\/www.youtube.com\/channel\/UC-X67YxW1qNoFtkvU2yO43A"]}]}},"_links":{"self":[{"href":"https:\/\/bokashicompost.be\/it\/wp-json\/wp\/v2\/product\/9317","targetHints":{"allow":["GET"]}}],"collection":[{"href":"https:\/\/bokashicompost.be\/it\/wp-json\/wp\/v2\/product"}],"about":[{"href":"https:\/\/bokashicompost.be\/it\/wp-json\/wp\/v2\/types\/product"}],"replies":[{"embeddable":true,"href":"https:\/\/bokashicompost.be\/it\/wp-json\/wp\/v2\/comments?post=9317"}],"wp:featuredmedia":[{"embeddable":true,"href":"https:\/\/bokashicompost.be\/it\/wp-json\/wp\/v2\/media\/7857"}],"wp:attachment":[{"href":"https:\/\/bokashicompost.be\/it\/wp-json\/wp\/v2\/media?parent=9317"}],"wp:term":[{"taxonomy":"product_brand","embeddable":true,"href":"https:\/\/bokashicompost.be\/it\/wp-json\/wp\/v2\/product_brand?post=9317"},{"taxonomy":"product_cat","embeddable":true,"href":"https:\/\/bokashicompost.be\/it\/wp-json\/wp\/v2\/product_cat?post=9317"},{"taxonomy":"product_tag","embeddable":true,"href":"https:\/\/bokashicompost.be\/it\/wp-json\/wp\/v2\/product_tag?post=9317"}],"curies":[{"name":"wp","href":"https:\/\/api.w.org\/{rel}","templated":true}]}}