{"id":9525,"date":"2022-10-19T17:56:02","date_gmt":"2022-10-19T15:56:02","guid":{"rendered":"https:\/\/bokashi.bladeinfo.it\/em-microrganismi-efficaci"},"modified":"2023-02-21T20:34:04","modified_gmt":"2023-02-21T19:34:04","slug":"em-microrganismi-effettivi","status":"publish","type":"page","link":"https:\/\/bokashicompost.be\/it\/em-microrganismi-effettivi\/","title":{"rendered":"EM (Microrganismi Effettivi)"},"content":{"rendered":"<p>[et_pb_section fb_built=&#8221;1&#8243; _builder_version=&#8221;4.16&#8243; global_colors_info=&#8221;{}&#8221;][et_pb_row _builder_version=&#8221;4.16&#8243; global_colors_info=&#8221;{}&#8221;][et_pb_column type=&#8221;4_4&#8243; _builder_version=&#8221;4.16&#8243; custom_padding=&#8221;|||&#8221; global_colors_info=&#8221;{}&#8221; custom_padding__hover=&#8221;|||&#8221;][et_pb_text _builder_version=&#8221;4.20.0&#8243; text_font=&#8221;Brandon &#8211; Bold||||||||&#8221; hover_enabled=&#8221;0&#8243; global_colors_info=&#8221;{}&#8221; sticky_enabled=&#8221;0&#8243;]<\/p>\n<h1>EM (Microrganismi Effettivi)<\/h1>\n<p>[\/et_pb_text][et_pb_text _builder_version=&#8221;4.20.0&#8243; text_font=&#8221;Brandon &#8211; regular||||||||&#8221; header_font=&#8221;||||||||&#8221; hover_enabled=&#8221;0&#8243; inline_fonts=&#8221;Brandon &#8211; Bold&#8221; global_colors_info=&#8221;{}&#8221; sticky_enabled=&#8221;0&#8243;]<\/p>\n<p><span style=\"font-family: inherit; font-weight: normal;\">Ci\u00f2 che fa la differenza tra la putrefazione e la fermentazione degli scarti alimentari sono i <strong>Microrganismi Effettivi (EM)<\/strong> che sono impregnati nella crusca di grano e che costituiscono l&#8217;Attivatore col quale cospargiamo i nostri scarti alimentari. <\/span><\/p>\n<p><span style=\"font-family: inherit; font-weight: normal;\">La crusca \u00e8 solo un vettore: gli EM possono essere combinati con liquidi, argille o ceramiche per le applicazioni pi\u00f9 disparate: nell&#8217;acqua, nelle colture, nei cavalli, nei polli e in altri animali e&#8230; persino nel corpo umano!<\/span><\/p>\n<h4>Ma cosa sono gli EM?<\/h4>\n<p>Gli EM sono una miscela molto speciale di tre categorie principali di microrganismi naturali che agiscono in modo sinergico ovunque si trovi materia organica:<\/p>\n<ul>\n<li>LIEVITI che scompongono gli zuccheri e producono nutrienti essenziali.<\/li>\n<li>BATTERI LATTICI che trasformano gli zuccheri in acido lattico, che per la sua acidit\u00e0 impedisce lo sviluppo di agenti patogeni.<\/li>\n<li>I BATTERI FOTOTROFI aiutano a decomporre la materia organica e i gas che altrimenti genererebbero un cattivo odore. Sono anche in grado di produrre zuccheri dalla luce.<\/li>\n<\/ul>\n<h4>Da dove vengono gli EM?<\/h4>\n<p>Questa miscela ideale \u00e8 stata sviluppata dal <span style=\"text-decoration: underline;\"><span style=\"color: #0c71c3;\"><a style=\"color: #0c71c3; text-decoration: underline;\" href=\"https:\/\/www.emrojapan.com\/dr-higa\/\">Prof. Dr. Teruo HIGA dell&#8217;Universit\u00e0 di Okinawa <\/a><\/span><\/span>\u00c8 distribuito da EMRO Japan, che ne garantisce la qualit\u00e0 in tutto il mondo, e dona buona parte dei suoi profitti alla ricerca di forme di agricoltura pi\u00f9 sostenibili nei Paesi in via di sviluppo.<\/p>\n<p>Il MS originale \u00e8 riconoscibile dal logo<img loading=\"lazy\" decoding=\"async\" class=\"wp-image-1865 aligncenter size-full\" src=\"http:\/\/bokashicompost.be\/wp-content\/uploads\/2018\/12\/logo-em-vert.png\" alt=\"\" width=\"58\" height=\"61\" \/><\/p>\n<h4>Gli EM e la vita<\/h4>\n<p>Questi microrganismi sono normalmente presenti in un ecosistema in equilibrio: sono gli stessi tipi di batteri che troviamo nel nostro microbiota intestinale e che ci mantengono in buona salute. Lo stesso vale per l&#8217;ambiente.<\/p>\n<p>Nel nostro BokashiCompost, manterranno un equilibrio positivo e impediranno lo sviluppo di marciumi o batteri cattivi. \u00c8 anche grazie agli EM che potete continuare a riempire il vostro secchio bokashi per settimane a temperatura ambiente&#8230; senza che il suo odore sia cattivo!<\/p>\n<p>La fermentazione ha il vantaggio di arricchire il valore nutrizionale degli alimenti (o dei loro scarti): alimenterete letteralmente il vostro terreno con elementi che contribuiranno alla salute di tutte le forme di vita in esso presenti.<\/p>\n<p>Inoltre, eviterete che questa frazione dei vostri rifiuti finisca incenerita e quindi nell&#8217;aria che respiriamo sotto forma di CO2 o metano&#8230; perch\u00e9 restituirete alla terra, sotto forma di materia organica, il carbonio che vi ha dato sotto forma di cibo!<\/p>\n<p>Poi, una volta aggiunto al terreno il materiale precompostato del nostro secchio, i microrganismi continueranno la loro azione benefica sostenendo e nutrendo la vita del suolo.<\/p>\n<p>Gli EM, combinati in altre formule, possono essere utilizzati anche a casa come deodoranti, detergenti e altro ancora. Il tutto con ingredienti totalmente <strong>naturali e biodegradabili al 100%<\/strong> che non solo non inquinano l&#8217;ambiente, ma contribuiscono a ripristinarne l&#8217;equilibrio.<\/p>\n<p>Questo video di EMRO ne illustra il funzionamento:<\/p>\n<p>[\/et_pb_text][et_pb_video src=&#8221;https:\/\/www.youtube.com\/watch?v=OuggMe0Y-bI&#8221; _builder_version=&#8221;4.16&#8243; global_colors_info=&#8221;{}&#8221;][\/et_pb_video][\/et_pb_column][\/et_pb_row][\/et_pb_section]<\/p>\n","protected":false},"excerpt":{"rendered":"<p>EM (Microrganismi Effettivi)Ci\u00f2 che fa la differenza tra la putrefazione e la fermentazione degli scarti alimentari sono i Microrganismi Effettivi (EM) che sono impregnati nella crusca di grano e che costituiscono l&#8217;Attivatore col quale cospargiamo i nostri scarti alimentari. La crusca \u00e8 solo un vettore: gli EM possono essere combinati con liquidi, argille o ceramiche [&hellip;]<\/p>\n","protected":false},"author":1,"featured_media":0,"parent":0,"menu_order":0,"comment_status":"closed","ping_status":"closed","template":"","meta":{"_et_pb_use_builder":"on","_et_pb_old_content":"","_et_gb_content_width":"","footnotes":""},"class_list":["post-9525","page","type-page","status-publish","hentry"],"yoast_head":"<!-- This site is optimized with the Yoast SEO plugin v27.6 - https:\/\/yoast.com\/product\/yoast-seo-wordpress\/ -->\n<title>EM (Microrganismi Effettivi) - Bokashi Compost<\/title>\n<meta name=\"robots\" content=\"index, follow, max-snippet:-1, max-image-preview:large, max-video-preview:-1\" \/>\n<link rel=\"canonical\" href=\"https:\/\/bokashicompost.be\/it\/em-microrganismi-effettivi\/\" \/>\n<meta property=\"og:locale\" content=\"it_IT\" \/>\n<meta property=\"og:type\" content=\"article\" \/>\n<meta property=\"og:title\" content=\"EM (Microrganismi Effettivi) - Bokashi Compost\" \/>\n<meta property=\"og:description\" content=\"EM (Microrganismi Effettivi)Ci\u00f2 che fa la differenza tra la putrefazione e la fermentazione degli scarti alimentari sono i Microrganismi Effettivi (EM) che sono impregnati nella crusca di grano e che costituiscono l&#039;Attivatore col quale cospargiamo i nostri scarti alimentari. La crusca \u00e8 solo un vettore: gli EM possono essere combinati con liquidi, argille o ceramiche [&hellip;]\" \/>\n<meta property=\"og:url\" content=\"https:\/\/bokashicompost.be\/it\/em-microrganismi-effettivi\/\" \/>\n<meta property=\"og:site_name\" content=\"Bokashi Compost\" \/>\n<meta property=\"article:publisher\" content=\"https:\/\/www.facebook.com\/bokashicompostbe\/\" \/>\n<meta property=\"article:modified_time\" content=\"2023-02-21T19:34:04+00:00\" \/>\n<meta property=\"og:image\" content=\"http:\/\/bokashicompost.be\/wp-content\/uploads\/2018\/12\/logo-em-vert.png\" \/>\n<meta name=\"twitter:card\" content=\"summary_large_image\" \/>\n<meta name=\"twitter:label1\" content=\"Tempo di lettura stimato\" \/>\n\t<meta name=\"twitter:data1\" content=\"3 minuti\" \/>\n<script type=\"application\/ld+json\" class=\"yoast-schema-graph\">{\"@context\":\"https:\\\/\\\/schema.org\",\"@graph\":[{\"@type\":\"WebPage\",\"@id\":\"https:\\\/\\\/bokashicompost.be\\\/it\\\/em-microrganismi-effettivi\\\/\",\"url\":\"https:\\\/\\\/bokashicompost.be\\\/it\\\/em-microrganismi-effettivi\\\/\",\"name\":\"EM (Microrganismi Effettivi) - Bokashi Compost\",\"isPartOf\":{\"@id\":\"https:\\\/\\\/bokashicompost.be\\\/it\\\/#website\"},\"primaryImageOfPage\":{\"@id\":\"https:\\\/\\\/bokashicompost.be\\\/it\\\/em-microrganismi-effettivi\\\/#primaryimage\"},\"image\":{\"@id\":\"https:\\\/\\\/bokashicompost.be\\\/it\\\/em-microrganismi-effettivi\\\/#primaryimage\"},\"thumbnailUrl\":\"http:\\\/\\\/bokashicompost.be\\\/wp-content\\\/uploads\\\/2018\\\/12\\\/logo-em-vert.png\",\"datePublished\":\"2022-10-19T15:56:02+00:00\",\"dateModified\":\"2023-02-21T19:34:04+00:00\",\"breadcrumb\":{\"@id\":\"https:\\\/\\\/bokashicompost.be\\\/it\\\/em-microrganismi-effettivi\\\/#breadcrumb\"},\"inLanguage\":\"it-IT\",\"potentialAction\":[{\"@type\":\"ReadAction\",\"target\":[\"https:\\\/\\\/bokashicompost.be\\\/it\\\/em-microrganismi-effettivi\\\/\"]}]},{\"@type\":\"ImageObject\",\"inLanguage\":\"it-IT\",\"@id\":\"https:\\\/\\\/bokashicompost.be\\\/it\\\/em-microrganismi-effettivi\\\/#primaryimage\",\"url\":\"http:\\\/\\\/bokashicompost.be\\\/wp-content\\\/uploads\\\/2018\\\/12\\\/logo-em-vert.png\",\"contentUrl\":\"http:\\\/\\\/bokashicompost.be\\\/wp-content\\\/uploads\\\/2018\\\/12\\\/logo-em-vert.png\"},{\"@type\":\"BreadcrumbList\",\"@id\":\"https:\\\/\\\/bokashicompost.be\\\/it\\\/em-microrganismi-effettivi\\\/#breadcrumb\",\"itemListElement\":[{\"@type\":\"ListItem\",\"position\":1,\"name\":\"Home\",\"item\":\"https:\\\/\\\/bokashicompost.be\\\/it\\\/\"},{\"@type\":\"ListItem\",\"position\":2,\"name\":\"EM (Microrganismi Effettivi)\"}]},{\"@type\":\"WebSite\",\"@id\":\"https:\\\/\\\/bokashicompost.be\\\/it\\\/#website\",\"url\":\"https:\\\/\\\/bokashicompost.be\\\/it\\\/\",\"name\":\"Bokashi Compost\",\"description\":\"from food to soil to food\",\"publisher\":{\"@id\":\"https:\\\/\\\/bokashicompost.be\\\/it\\\/#organization\"},\"potentialAction\":[{\"@type\":\"SearchAction\",\"target\":{\"@type\":\"EntryPoint\",\"urlTemplate\":\"https:\\\/\\\/bokashicompost.be\\\/it\\\/?s={search_term_string}\"},\"query-input\":{\"@type\":\"PropertyValueSpecification\",\"valueRequired\":true,\"valueName\":\"search_term_string\"}}],\"inLanguage\":\"it-IT\"},{\"@type\":\"Organization\",\"@id\":\"https:\\\/\\\/bokashicompost.be\\\/it\\\/#organization\",\"name\":\"BokashiCompost\",\"url\":\"https:\\\/\\\/bokashicompost.be\\\/it\\\/\",\"logo\":{\"@type\":\"ImageObject\",\"inLanguage\":\"it-IT\",\"@id\":\"https:\\\/\\\/bokashicompost.be\\\/it\\\/#\\\/schema\\\/logo\\\/image\\\/\",\"url\":\"https:\\\/\\\/bokashicompost.be\\\/wp-content\\\/uploads\\\/2019\\\/04\\\/image.jpg\",\"contentUrl\":\"https:\\\/\\\/bokashicompost.be\\\/wp-content\\\/uploads\\\/2019\\\/04\\\/image.jpg\",\"width\":960,\"height\":960,\"caption\":\"BokashiCompost\"},\"image\":{\"@id\":\"https:\\\/\\\/bokashicompost.be\\\/it\\\/#\\\/schema\\\/logo\\\/image\\\/\"},\"sameAs\":[\"https:\\\/\\\/www.facebook.com\\\/bokashicompostbe\\\/\",\"https:\\\/\\\/www.instagram.com\\\/bokashicompost\\\/\",\"https:\\\/\\\/www.linkedin.com\\\/company\\\/13994117\",\"https:\\\/\\\/www.youtube.com\\\/channel\\\/UC-X67YxW1qNoFtkvU2yO43A\"]}]}<\/script>\n<!-- \/ Yoast SEO plugin. -->","yoast_head_json":{"title":"EM (Microrganismi Effettivi) - Bokashi Compost","robots":{"index":"index","follow":"follow","max-snippet":"max-snippet:-1","max-image-preview":"max-image-preview:large","max-video-preview":"max-video-preview:-1"},"canonical":"https:\/\/bokashicompost.be\/it\/em-microrganismi-effettivi\/","og_locale":"it_IT","og_type":"article","og_title":"EM (Microrganismi Effettivi) - Bokashi Compost","og_description":"EM (Microrganismi Effettivi)Ci\u00f2 che fa la differenza tra la putrefazione e la fermentazione degli scarti alimentari sono i Microrganismi Effettivi (EM) che sono impregnati nella crusca di grano e che costituiscono l'Attivatore col quale cospargiamo i nostri scarti alimentari. La crusca \u00e8 solo un vettore: gli EM possono essere combinati con liquidi, argille o ceramiche [&hellip;]","og_url":"https:\/\/bokashicompost.be\/it\/em-microrganismi-effettivi\/","og_site_name":"Bokashi Compost","article_publisher":"https:\/\/www.facebook.com\/bokashicompostbe\/","article_modified_time":"2023-02-21T19:34:04+00:00","og_image":[{"url":"http:\/\/bokashicompost.be\/wp-content\/uploads\/2018\/12\/logo-em-vert.png","type":"","width":"","height":""}],"twitter_card":"summary_large_image","twitter_misc":{"Tempo di lettura stimato":"3 minuti"},"schema":{"@context":"https:\/\/schema.org","@graph":[{"@type":"WebPage","@id":"https:\/\/bokashicompost.be\/it\/em-microrganismi-effettivi\/","url":"https:\/\/bokashicompost.be\/it\/em-microrganismi-effettivi\/","name":"EM (Microrganismi Effettivi) - Bokashi Compost","isPartOf":{"@id":"https:\/\/bokashicompost.be\/it\/#website"},"primaryImageOfPage":{"@id":"https:\/\/bokashicompost.be\/it\/em-microrganismi-effettivi\/#primaryimage"},"image":{"@id":"https:\/\/bokashicompost.be\/it\/em-microrganismi-effettivi\/#primaryimage"},"thumbnailUrl":"http:\/\/bokashicompost.be\/wp-content\/uploads\/2018\/12\/logo-em-vert.png","datePublished":"2022-10-19T15:56:02+00:00","dateModified":"2023-02-21T19:34:04+00:00","breadcrumb":{"@id":"https:\/\/bokashicompost.be\/it\/em-microrganismi-effettivi\/#breadcrumb"},"inLanguage":"it-IT","potentialAction":[{"@type":"ReadAction","target":["https:\/\/bokashicompost.be\/it\/em-microrganismi-effettivi\/"]}]},{"@type":"ImageObject","inLanguage":"it-IT","@id":"https:\/\/bokashicompost.be\/it\/em-microrganismi-effettivi\/#primaryimage","url":"http:\/\/bokashicompost.be\/wp-content\/uploads\/2018\/12\/logo-em-vert.png","contentUrl":"http:\/\/bokashicompost.be\/wp-content\/uploads\/2018\/12\/logo-em-vert.png"},{"@type":"BreadcrumbList","@id":"https:\/\/bokashicompost.be\/it\/em-microrganismi-effettivi\/#breadcrumb","itemListElement":[{"@type":"ListItem","position":1,"name":"Home","item":"https:\/\/bokashicompost.be\/it\/"},{"@type":"ListItem","position":2,"name":"EM (Microrganismi Effettivi)"}]},{"@type":"WebSite","@id":"https:\/\/bokashicompost.be\/it\/#website","url":"https:\/\/bokashicompost.be\/it\/","name":"Bokashi Compost","description":"from food to soil to food","publisher":{"@id":"https:\/\/bokashicompost.be\/it\/#organization"},"potentialAction":[{"@type":"SearchAction","target":{"@type":"EntryPoint","urlTemplate":"https:\/\/bokashicompost.be\/it\/?s={search_term_string}"},"query-input":{"@type":"PropertyValueSpecification","valueRequired":true,"valueName":"search_term_string"}}],"inLanguage":"it-IT"},{"@type":"Organization","@id":"https:\/\/bokashicompost.be\/it\/#organization","name":"BokashiCompost","url":"https:\/\/bokashicompost.be\/it\/","logo":{"@type":"ImageObject","inLanguage":"it-IT","@id":"https:\/\/bokashicompost.be\/it\/#\/schema\/logo\/image\/","url":"https:\/\/bokashicompost.be\/wp-content\/uploads\/2019\/04\/image.jpg","contentUrl":"https:\/\/bokashicompost.be\/wp-content\/uploads\/2019\/04\/image.jpg","width":960,"height":960,"caption":"BokashiCompost"},"image":{"@id":"https:\/\/bokashicompost.be\/it\/#\/schema\/logo\/image\/"},"sameAs":["https:\/\/www.facebook.com\/bokashicompostbe\/","https:\/\/www.instagram.com\/bokashicompost\/","https:\/\/www.linkedin.com\/company\/13994117","https:\/\/www.youtube.com\/channel\/UC-X67YxW1qNoFtkvU2yO43A"]}]}},"_links":{"self":[{"href":"https:\/\/bokashicompost.be\/it\/wp-json\/wp\/v2\/pages\/9525","targetHints":{"allow":["GET"]}}],"collection":[{"href":"https:\/\/bokashicompost.be\/it\/wp-json\/wp\/v2\/pages"}],"about":[{"href":"https:\/\/bokashicompost.be\/it\/wp-json\/wp\/v2\/types\/page"}],"author":[{"embeddable":true,"href":"https:\/\/bokashicompost.be\/it\/wp-json\/wp\/v2\/users\/1"}],"replies":[{"embeddable":true,"href":"https:\/\/bokashicompost.be\/it\/wp-json\/wp\/v2\/comments?post=9525"}],"version-history":[{"count":0,"href":"https:\/\/bokashicompost.be\/it\/wp-json\/wp\/v2\/pages\/9525\/revisions"}],"wp:attachment":[{"href":"https:\/\/bokashicompost.be\/it\/wp-json\/wp\/v2\/media?parent=9525"}],"curies":[{"name":"wp","href":"https:\/\/api.w.org\/{rel}","templated":true}]}}